{"id":567,"date":"2017-12-21T05:13:24","date_gmt":"2017-12-21T05:13:24","guid":{"rendered":"http:\/\/digitalfeministcollective.net\/?page_id=567"},"modified":"2020-09-06T21:54:30","modified_gmt":"2020-09-06T21:54:30","slug":"contributors","status":"publish","type":"page","link":"https:\/\/digitalfeministcollective.net\/index.php\/contributors\/","title":{"rendered":"Contributors"},"content":{"rendered":"\n<h3 class=\"wp-block-heading\"><span style=\"color: #000000;\">Bradley Boovy<\/span><\/h3>\n\n\n\n<p><span style=\"font-size: 12pt;\">Bradley Boovy is assistant professor of German and Women, Gender, and Sexuality Studies at Oregon State University where he coordinates the German program for the Corvallis campus and teaches courses on German language and literature, men and masculinities, gender studies, and queer studies. His research interests include twentieth-century German literary and cultural studies, critical language pedagogy, and queer and feminist theories. His work has appeared in the <em>Women in German Yearbook<\/em>, <em>Die Unterrichtspraxis<\/em>, <em>L2 Journal<\/em>, and <em>Archival Practice<\/em>, among others. He is currently completing a monograph on West German gay magazines in the early Cold War titled \u2018Masculinity and the Magazine: Sexuality, Race, and Belonging in 1950s West Germany\u2019.<\/span><\/p>\n\n\n\n<h3 class=\"wp-block-heading\"><span style=\"color: #000000;\">Jennifer Creech<\/span><\/h3>\n\n\n\n<p><span style=\"font-size: 12pt;\">Jennifer Creech is currently Associate Professor of German at the University of Rochester, where she is also Affiliate Faculty in Film &amp; Media Studies, and Associate Faculty at the Susan B. Anthony Institute for Gender, Sexuality &amp; Women\u2019s Studies. Her research and teaching interests include late 20<span class=\"m_1231211844648169226font\">th<\/span>-century German literature, film and culture; cinema studies; Marxist and feminist theories. She is the author of <i><a href=\"http:\/\/www.iupress.indiana.edu\/product_info.php?products_id=808134\">Mothers, Comrades &amp; Outcasts in East German Women\u2019s Films<\/a><\/i> (Indiana University Press, 2016), and has published on East German and post-unification cinema in <i>Seminar<\/i> and <i>Women in German Yearbook<\/i>. She is also the co-editor of <a href=\"https:\/\/www.peterlang.com\/view\/title\/36506\"><i>Spectacle: German Visual Culture,<\/i> vol. 2<\/a> (Oxford: Peter Lang, 2015) and <i>The Body: German Visual Culture<\/i>, vol. 5 (forthcoming 2018). She is currently working on a collaborative book and documentary film project that explores the story of former Namibian refugees in East Germany.<\/span><\/p>\n\n\n\n<h3 class=\"wp-block-heading\">Cynthia Cruz<\/h3>\n\n\n\n<p><span style=\"font-size: 12pt;\">Cynthia Cruz is the author of four collections of poems. Her first collection of essays as well as a fifth collection of poems and an anthology of Latina poetry she has edited are forthcoming in 2019. Currently pursuing a PhD in German Language and Literature at Rutgers University, Cruz&#8217;s academic work examines how iterations of quiet can serve as resistance. Cruz teaches creative writing at Sarah Lawrence College. Born in Germany, Cruz grew up in Northern California. She earned her BA at Mills College, her MFA in Creative Writing at Sarah Lawrence College, and her MFA in Art Writing &amp; Criticism at the School of Visual Arts.<\/span><\/p>\n\n\n\n<h3 class=\"wp-block-heading\">Kyle Frackman<\/h3>\n\n\n\n<p><span style=\"font-size: 12pt;\">Kyle Frackman is Assistant Professor of Germanic Studies at the University of British Columbia. He is the author of <i>An Other Kind of Home: Gender-Sexual Abjection, Subjectivity, and the Uncanny in Literature and Film<\/i>&nbsp;(2015) and the co-editor of <i>Gender and Sexuality in East German Film<\/i>&nbsp;(2018, with Faye Stewart) and <i>Classical Music in the German Democratic Republic<\/i>&nbsp;(2015, with Larson Powell). Other publications have examined East German culture, history, and film, contemporary film, German literature, and gender-sexual politics. Website:&nbsp;<a href=\"https:\/\/cenes.ubc.ca\/people\/kyle-frackman\/\">http:\/\/cenes.ubc.ca\/<wbr>frackman<\/a>&nbsp;Twitter:&nbsp;<a href=\"https:\/\/twitter.com\/kyfrack\">@kyfrack<\/a><\/span><\/p>\n\n\n\n<h3 class=\"wp-block-heading\" id=\"Hosek-bio\"><span class=\"markjc6ba6k3x\" data-markjs=\"true\" data-ogac=\"\" data-ogab=\"\" data-ogsc=\"\" data-ogsb=\"\">Jenn<\/span>ifer Ruth Hosek<\/h3>\n\n\n\n<p><span class=\"markjc6ba6k3x\" data-markjs=\"true\" data-ogac=\"\" data-ogab=\"\" data-ogsc=\"\" data-ogsb=\"\">Jenn<\/span>ifer Ruth Hosek is professor of transnational German Studies at Queen\u2019s University in Ontario, where she is affiliated with Film and Media, Cultural Studies, Gender Studies, and the University of Havana exchange. PhD in Comparative Literature at Berkeley; Postdoctoral Fellow at Stanford. Publications on a variety of topics including the monograph Sun, Sex, and Socialism: Cuba in the German Imaginary and co-authored anthologies on Berlin and on Christa Wolf. External support from the SSHRC, Berlin Parliament, DAAD, National Coalition of Women in German (WiG), Humboldt, and Mellon. Her article on German documentaries about Havana won a WiG Best Article Prize and is published in three languages. Her open source, open access and free telecollaborative language exchange platform LinguaeLive.ca is available for instructors around the globe to use. One of Dr. Hosek\u2019s current larger projects investigates cinema and anti-petrocultural urban movement and includes the award-winning documentary Rodando en La Habana bicycle stories (with Jaime Santos).<\/p>\n\n\n\n<h3 class=\"wp-block-heading\">Britta Kallin<\/h3>\n\n\n\n<p>Britta Kallin, Ph.D., serves as German Program Director and Associate Professor of German in the School of Modern Languages at the Georgia Institute of Technology, Atlanta, GA. She is an affiliated faculty member of the Center for Serve-Learn-Sustain and of the Atlanta Global Studies Center. She has published articles on German and Austrian authors and her monograph <em>The Presentation of Racism in Contemporary German and Austrian Plays<\/em> was published in 2007. Her research focuses on gender, nation building, religious minorities, critical race theory, and intersectional theory in contemporary literature and culture of Germany and Austria. She includes discussions about equity, race, the environment, the economy as well as the UN SDGs in her classes and regularly teaches the classes \u201cSustainability in Germany\u201d and \u201cCrossing Borders: Migration in Literature and Culture.\u201d Currently she is working on a book project about contemporary German-language feminist re-writings of fairy tales.<\/p>\n\n\n\n<h3 class=\"wp-block-heading\" id=\"Loner-bio\">David Loner<\/h3>\n\n\n\n<p>David Loner received his Ph.D. in history from the University of Cambridge in 2020. He specializes in the history of twentieth-century philosophy and gender. His work has appeared in&nbsp;<em>The Journal of the History of Ideas Blog<\/em>,&nbsp;<em>King\u2019s Review<\/em>,&nbsp;<em>The Journal of the History of Philosophy<\/em>, and&nbsp;<em>Wittgenstein-Studien<\/em>. At present he serves as a contributor to the&nbsp;<a rel=\"noreferrer noopener\" href=\"https:\/\/www.womeninparenthesis.co.uk\/about-us\/\" target=\"_blank\"><em>In Parenthesis<\/em><\/a>&nbsp;research project. He is neurodivergent, a survivor of stroke and leukemia and lives with epilepsy.<\/p>\n\n\n\n<h3 class=\"wp-block-heading\" id=\"Marlan-bio\">Dawn Marlan<\/h3>\n\n\n\n<p>Dawn Marlan is a Senior Lecturer and the Director of Undergraduate Studies in Comparative Literature at the University of Oregon. She has published essays, literary nonfiction, and reviews on literature, art, politics, and film in scholarly journals, literary magazines, book anthologies, art exhibition catalogues, and newspapers, including (among others) in anthologies by Pact Press; Reaktion Books; in&nbsp;<em>PMLA<\/em>;&nbsp;<em>Modernism\/Modernity<\/em>;<em>&nbsp;Konturen<\/em>;<em>&nbsp;Lilith<\/em>;<em>&nbsp;The Evergreen Review<\/em>;<em>&nbsp;The Atticus Review<\/em>;<em>&nbsp;The Chicago Tribune,<\/em>&nbsp;and&nbsp;<em>The Oregonian<\/em>. She is currently revising a novel manuscript entitled,&nbsp;<em>Deaf, Dumb, and Blind<\/em>, a work about virtual intimacy inspired by The Who\u2019s rock opera,&nbsp;<em>Tommy<\/em>.<\/p>\n\n\n\n<h3 class=\"wp-block-heading\">Margaret McCarthy<\/h3>\n\n\n\n<p><span style=\"font-size: 12pt;\">Margaret McCarthy is professor of German Studies at Davidson College, where she also teaches film and media studies. She has published articles on contemporary German literature, film, and feminism in journals such as <i>Camera Obscura<\/i>, <i>German Quarterly<\/i>, <i>New German Critique<\/i>, and <i>Oxford German Studies<\/i>. She co-edited the <i>Women in German Yearbook <\/i>as well as <i>Light Motives. German Popular Film in Perspective <\/i>(2003). More recently she edited<i>Pop Literature. A Companion <\/i>(2015) and authored <i>Mad M\u00e4dchen. Feminism and Generational Conflict in Recent German Literature and Film<\/i>.<\/span><\/p>\n\n\n\n<h3 class=\"wp-block-heading\">Danika Medak-Saltzman<\/h3>\n\n\n\n<p><span style=\"font-size: 12pt;\">Danika Medak-Saltzman (Anishinaabe) is currently assistant professor of Women\u2019s and Gender Studies at Syracuse University. Her work focuses on Indigenous Feminisms, Native histories, Indigenous thought and theory, transnational Indigeneity, Indigenous futurisms, and visual culture\u2014including film and cultural production. She also examines the transnational movement of American colonial policies\u2013particularly in the case of Japan\u2014which is a subject explored in her forthcoming book, <i>Specters of Colonialism: Native Peoples, Visual Cultures, and Colonial Projects in the U.S. and Japan<\/i>, with the University of Minnesota Press. Her articles have appeared in <i>American Quarterly<\/i> and the <i>Journal of Critical Ethnic Studies, Verge: Studies in Global Asias<\/i>, and <i>Studies in American Indian Literature<\/i>. She is a member and co-founder of the \u201cJust Futures Project,\u201d and alongside Iyko Day and Antonio T. Tiongson Jr. she is co-editor of the \u201cCritical Race, Indigeneity and Relationality\u201d book series for Temple University Press.<\/span><\/p>\n\n\n\n<h3 class=\"wp-block-heading\" id=\"Mendez-bio\">Mariela M\u00e9ndez<\/h3>\n\n\n\n<p>Mariela M\u00e9ndez is a Latinx Associate Professor of Latin American, Latino &amp; Iberian Studies, and Women, Gender &amp; Sexuality Studies at the University of Richmond. She teaches at the intersection of Latin American Studies, Performance Studies, Feminist and Queer Theories. She is the author of&nbsp;<em>Cr\u00f3nicas travestis: El periodismo transgresor de Alfonsina Storni, Clarice Lispector y Mar\u00eda Moreno&nbsp;<\/em>(Rosario: Beatriz Viterbo Editora, 2017), winner of the 2019 Best Critical Monograph Award from the Asociaci\u00f3n de Estudios de G\u00e9nero y Sexualidades. She has co-edited the books&nbsp;<em>Urbanas y modernas: Cr\u00f3nicas period\u00edsticas de Alfonsina Storni&nbsp;<\/em>(Madrid: Barl\u00edn Libros, 2019), <em>Escrituras a ras de suelo: Cr\u00f3nica latinoamericana del siglo XX&nbsp;<\/em>(Santiago de Chile: Ediciones Universidad Finis Terrae, 2014),&nbsp;<em>Un libro quemado&nbsp;<\/em>(Buenos Aires: Editorial Excursiones, 2014), and published extensively in journals in the U.S., Latin America, and Europe.<\/p>\n\n\n\n<h3 class=\"wp-block-heading\">Deepti Misri<\/h3>\n\n\n\n<p><span style=\"font-size: 12pt;\">Deepti Misri is Associate Professor of Women and Gender Studies at the University of Colorado Boulder. She\u2019s also a founding member of the Critical Kashmir Studies Collective, a feminist scholarly collective whose work focuses on Indian militarized occupation in Kashmir. She is is the author of <i><a href=\"https:\/\/www.press.uillinois.edu\/books\/catalog\/78dte2xk9780252038853.html\">Beyond Partition: Gender, Violence, and Representation in Postcolonial India<\/a><\/i> (2014). She is the co-editor of a special issue on &#8220;PROTEST&#8221; with the journal <a href=\"https:\/\/www.feministpress.org\/books-n-z\/wsq-protest\"><i>WSQ: Women\u2019s Studies Quarterly<\/i><\/a> (Fall\/Winter 2018). Her articles have appeared in <i>Signs<\/i>, <i>Meridians<\/i>, and <i>Cultural Studies<\/i>, among other venues. She is co-editing with Mona Bhan and Haley Duschinski <i>The Routledge Handbook of Critical Kashmir Studies<\/i> (forthcoming 2020). <\/span><\/p>\n\n\n\n<p id=\"Moyd-bio\">Michelle Moyd<\/p>\n\n\n\n<p>Michelle Moyd is an Associate Professor of History at Indiana University Bloomington. She is the author of\u00a0<em>Violent Intermediaries: African Soldiers, Conquest, and Everyday Colonialism in German East Africa\u00a0<\/em>(Ohio University Press, 2014); and with Yuliya Komska and David Gramling, a co-author of\u00a0<em>Linguistic Disobedience: Restoring Power to Civic Language<\/em>\u00a0(Palgrave, 2018).<\/p>\n\n\n\n<h3 class=\"wp-block-heading\" id=\"Rosenau-bio\">Maggie Rosenau<\/h3>\n\n\n\n<p>Maggie Rosenau received her Ph.D. in German Studies from the University of Colorado Boulder in 2019, where she also earned a professional certification in Museum Studies. Her research areas include concrete poetry, artists\u2019 books, crip theory, and the postwar Swiss avant-garde. Her work has appeared in the <em>Journal of Foreign Languages and Cultures<\/em>, <em>Kunst zwischen Deckeln<\/em>, <em>sync<\/em>, <em>ToCall<\/em>, and <em>The Volta<\/em>, and her series of erasure poems responding to the \u201eAvenidas\u201c-Debatte is featured in <em>Erase the Patriarchy<\/em> (University of Hell Press, 2020).<\/p>\n\n\n\n<h3 class=\"wp-block-heading\">Faye Stewart<\/h3>\n\n\n\n<p><span style=\"font-size: 12pt; color: #001b47;\">Faye Stewart is Associate Professor of German at University of North Carolina at Greensboro. She is the author of <i>German Feminist Queer Crime Fiction: Politics, Justice and Desire<\/i> (2014) and co-editor of <i>Framing Islam: Faith, Fascination, and Fear in Twenty-First-Century German Culture<\/i> (Colloquia Germanica 47.1\u20132, 2014\/2017, with Heidi Denzel de Tirado) and <i>Gender and Sexuality in East German Film: Intimacy and Alienation<\/i> (2018, with Kyle Frackman).<\/span><\/p>\n\n\n\n<h3 class=\"wp-block-heading\" id=\"Torrero-bio\">Alina Torrero<\/h3>\n\n\n\n<p>Bachelor&#8217;s degree in Social Anthropology with a Specialization in Ethnology at the Universidad Aut\u00f3noma Metropolitana (UAM)-Unidad Iztapalapa, Mexico, D.F. Master&#8217;s studies in Industrial Design Materials and Processes at the National Autonomous University of Mexico (UNAM), Faculty of Architecture. Mexico. D. F. Diploma in Sociocultural Animation (ASC\u2014community development) Tools for working with young people at the Universidad Tecnol\u00f3gico de Panam\u00e1-Programa Alcance Positive of USAID-FOIDM. More than 20 years of undergraduate and graduate-level teaching in social and cultural anthropology in Panamanian universities. Expertise and research in anthropological issues (ethnic groups, gender, families, children, child labor, domestic child labor, adolescence, violence related to youth, the city, public, spaces and meanings, and education), as well as in the design of a range of projects for local governments and social organizations. Experience in research plan and report development, coordinating different population groups and governing institutions within consultancy frameworks of cooperation agencies, including UNICEF, UNESCO, SICA, UNDP, UNFPA, AECID, ASDI, ILO, USAID, FAO and the European Union. Responsible for the first national diagnostic study on the situation of afropanamanian woman for the National Women&#8217;s Institute (INAMU) and UNDP in 2019.<\/p>\n\n\n\n<h3 class=\"wp-block-heading\">Didem Uca<\/h3>\n\n\n\n<p><span style=\"font-size: 12pt;\">Didem Uca is Visiting Assistant Professor of German at Colgate University. She received her Ph.D. in Germanic Languages and Literatures with a certificate in Gender, Sexuality, and Women\u2019s Studies from the University of Pennsylvania (2019). Her research interests center on intersectional approaches to German-language post\/migrant and minority cultural production and transnational coming-of-age narratives. She has been part of the editorial team of Jahrbuch T\u00fcrkisch-Deutsche Studien since 2013 and serves on committees within the Modern Language Association, the American Association of Teachers of German, and Coalition of Women in German, for which she also manages the Twitter account @womeningerman.<br><\/span><\/p>\n\n\n\n<h3 class=\"wp-block-heading\">Sabine von Mering<\/h3>\n\n\n\n<p>Sabine von Mering is Professor of German and Women\u2019s, Gender, and Sexuality Studies, affiliated faculty with the Environmental Studies Program, and Director of the Center for German and European Studies (CGES) at Brandeis University. Her co-edited volumes include&nbsp;<em>Right-Wing Radicalism Today: Perspectives from Europe and the US<\/em> (2013), <em>Russian-Jewish Emigration after the Cold War: Perspectives from Germany, Israel, Canada, and the United States<\/em> (2006), and <em>International Green Politics<\/em> (2002).<\/p>\n ","protected":false},"excerpt":{"rendered":"<p>Bradley Boovy Bradley Boovy is assistant professor of German and Women, Gender, and Sexuality Studies at Oregon State University where he coordinates the German program for the Corvallis campus and teaches courses on German language and literature, men and masculinities, gender studies, and queer studies. His research interests include twentieth-century German literary and cultural studies, &#8230; <a title=\"Contributors\" class=\"read-more\" href=\"https:\/\/digitalfeministcollective.net\/index.php\/contributors\/\" aria-label=\"Read more about Contributors\">Read more<\/a><\/p>\n","protected":false},"author":3,"featured_media":0,"parent":0,"menu_order":0,"comment_status":"closed","ping_status":"closed","template":"","meta":{"_exactmetrics_skip_tracking":false,"_exactmetrics_sitenote_active":false,"_exactmetrics_sitenote_note":"","_exactmetrics_sitenote_category":0,"footnotes":""},"class_list":["post-567","page","type-page","status-publish"],"_links":{"self":[{"href":"https:\/\/digitalfeministcollective.net\/index.php\/wp-json\/wp\/v2\/pages\/567","targetHints":{"allow":["GET"]}}],"collection":[{"href":"https:\/\/digitalfeministcollective.net\/index.php\/wp-json\/wp\/v2\/pages"}],"about":[{"href":"https:\/\/digitalfeministcollective.net\/index.php\/wp-json\/wp\/v2\/types\/page"}],"author":[{"embeddable":true,"href":"https:\/\/digitalfeministcollective.net\/index.php\/wp-json\/wp\/v2\/users\/3"}],"replies":[{"embeddable":true,"href":"https:\/\/digitalfeministcollective.net\/index.php\/wp-json\/wp\/v2\/comments?post=567"}],"version-history":[{"count":99,"href":"https:\/\/digitalfeministcollective.net\/index.php\/wp-json\/wp\/v2\/pages\/567\/revisions"}],"predecessor-version":[{"id":1721,"href":"https:\/\/digitalfeministcollective.net\/index.php\/wp-json\/wp\/v2\/pages\/567\/revisions\/1721"}],"wp:attachment":[{"href":"https:\/\/digitalfeministcollective.net\/index.php\/wp-json\/wp\/v2\/media?parent=567"}],"curies":[{"name":"wp","href":"https:\/\/api.w.org\/{rel}","templated":true}]}}